{"id":952,"date":"2023-03-28T09:22:23","date_gmt":"2023-03-28T07:22:23","guid":{"rendered":"https:\/\/www.hotelestense.com\/prestations-de-service\/"},"modified":"2025-03-14T17:14:34","modified_gmt":"2025-03-14T16:14:34","slug":"prestations-de-service","status":"publish","type":"page","link":"https:\/\/www.hotelestense.com\/fr\/prestations-de-service\/","title":{"rendered":"Prestations de service"},"content":{"rendered":"<p>[et_pb_section fb_built=\u00a0\u00bb1&Prime; _builder_version=\u00a0\u00bb4.20.2&Prime; _module_preset=\u00a0\u00bbdefault\u00a0\u00bb da_disable_devices=\u00a0\u00bboff|off|off\u00a0\u00bb global_colors_info=\u00a0\u00bb{}\u00a0\u00bb da_is_popup=\u00a0\u00bboff\u00a0\u00bb da_exit_intent=\u00a0\u00bboff\u00a0\u00bb da_has_close=\u00a0\u00bbon\u00a0\u00bb da_alt_close=\u00a0\u00bboff\u00a0\u00bb da_dark_close=\u00a0\u00bboff\u00a0\u00bb da_not_modal=\u00a0\u00bbon\u00a0\u00bb da_is_singular=\u00a0\u00bboff\u00a0\u00bb da_with_loader=\u00a0\u00bboff\u00a0\u00bb da_has_shadow=\u00a0\u00bbon\u00a0\u00bb][et_pb_row _builder_version=\u00a0\u00bb4.20.2&Prime; _module_preset=\u00a0\u00bbdefault\u00a0\u00bb global_colors_info=\u00a0\u00bb{}\u00a0\u00bb][et_pb_column type=\u00a0\u00bb4_4&Prime; _builder_version=\u00a0\u00bb4.20.2&Prime; _module_preset=\u00a0\u00bbdefault\u00a0\u00bb global_colors_info=\u00a0\u00bb{}\u00a0\u00bb][et_pb_text _builder_version=\u00a0\u00bb4.20.2&Prime; _module_preset=\u00a0\u00bbdefault\u00a0\u00bb global_colors_info=\u00a0\u00bb{}\u00a0\u00bb][\/et_pb_text][\/et_pb_column][\/et_pb_row][\/et_pb_section][et_pb_section fb_built=\u00a0\u00bb1&Prime; _builder_version=\u00a0\u00bb4.20.2&Prime; _module_preset=\u00a0\u00bbdefault\u00a0\u00bb custom_padding=\u00a0\u00bb0px||30px||false|false\u00a0\u00bb da_disable_devices=\u00a0\u00bboff|off|off\u00a0\u00bb global_colors_info=\u00a0\u00bb{}\u00a0\u00bb da_is_popup=\u00a0\u00bboff\u00a0\u00bb da_exit_intent=\u00a0\u00bboff\u00a0\u00bb da_has_close=\u00a0\u00bbon\u00a0\u00bb da_alt_close=\u00a0\u00bboff\u00a0\u00bb da_dark_close=\u00a0\u00bboff\u00a0\u00bb da_not_modal=\u00a0\u00bbon\u00a0\u00bb da_is_singular=\u00a0\u00bboff\u00a0\u00bb da_with_loader=\u00a0\u00bboff\u00a0\u00bb da_has_shadow=\u00a0\u00bbon\u00a0\u00bb][et_pb_row _builder_version=\u00a0\u00bb4.20.2&Prime; _module_preset=\u00a0\u00bbdefault\u00a0\u00bb global_colors_info=\u00a0\u00bb{}\u00a0\u00bb][et_pb_column type=\u00a0\u00bb4_4&Prime; _builder_version=\u00a0\u00bb4.20.2&Prime; _module_preset=\u00a0\u00bbdefault\u00a0\u00bb global_colors_info=\u00a0\u00bb{}\u00a0\u00bb][et_pb_text _builder_version=\u00a0\u00bb4.20.2&Prime; _module_preset=\u00a0\u00bbdefault\u00a0\u00bb header_2_text_color=\u00a0\u00bbgcid-dc378a60-3624-4546-9c38-fcb5bebd7c43&Prime; header_2_font_size=\u00a0\u00bb90px\u00a0\u00bb transform_scale_tablet=\u00a0\u00bb\u00a0\u00bb transform_scale_phone=\u00a0\u00bb\u00a0\u00bb transform_scale_last_edited=\u00a0\u00bbon|desktop\u00a0\u00bb transform_translate=\u00a0\u00bb-2em|0px\u00a0\u00bb transform_translate_tablet=\u00a0\u00bb-2em|0px\u00a0\u00bb transform_translate_phone=\u00a0\u00bb0em|0px\u00a0\u00bb transform_translate_last_edited=\u00a0\u00bbon|phone\u00a0\u00bb transform_translate_linked=\u00a0\u00bboff\u00a0\u00bb transform_rotate_tablet=\u00a0\u00bb\u00a0\u00bb transform_rotate_phone=\u00a0\u00bb\u00a0\u00bb transform_rotate_last_edited=\u00a0\u00bbon|desktop\u00a0\u00bb transform_skew_tablet=\u00a0\u00bb\u00a0\u00bb transform_skew_phone=\u00a0\u00bb\u00a0\u00bb transform_skew_last_edited=\u00a0\u00bbon|desktop\u00a0\u00bb transform_origin_tablet=\u00a0\u00bb\u00a0\u00bb transform_origin_phone=\u00a0\u00bb\u00a0\u00bb transform_origin_last_edited=\u00a0\u00bbon|desktop\u00a0\u00bb transform_styles_last_edited=\u00a0\u00bbon|phone\u00a0\u00bb custom_margin=\u00a0\u00bb||0px||false|false\u00a0\u00bb custom_padding=\u00a0\u00bb||||false|false\u00a0\u00bb transform_styles_tablet=\u00a0\u00bb\u00a0\u00bb transform_styles_phone=\u00a0\u00bb\u00a0\u00bb global_colors_info=\u00a0\u00bb{%22gcid-dc378a60-3624-4546-9c38-fcb5bebd7c43%22:%91%22header_2_text_color%22%93}\u00a0\u00bb]<\/p>\n<h2>Hotel Estense<\/h2>\n<p>[\/et_pb_text][et_pb_text _builder_version=\u00a0\u00bb4.20.2&Prime; _module_preset=\u00a0\u00bbdefault\u00a0\u00bb text_font=\u00a0\u00bb|300|||||||\u00a0\u00bb text_font_size=\u00a0\u00bb18px\u00a0\u00bb global_colors_info=\u00a0\u00bb{}\u00a0\u00bb]<\/p>\n<div class=\"border-zinc-200 dark:border-zinc-800 divide-zinc-200 dark:divide-zinc-800 transition duration-300 bg-transparent\">\n<div class=\"pt-xs pb-sm border-zinc-200 dark:border-zinc-800 divide-zinc-200 dark:divide-zinc-800 transition duration-300 bg-white dark:bg-zinc-900\">\n<div class=\"default font-sans text-base text-zinc-800 dark:text-zinc-300 selection:bg-super selection:text-white dark:selection:bg-opacity-50 selection:bg-opacity-70\">\n<div class=\"min-h-[81px]\">situ\u00e9 au coeur de Mod\u00e8ne, offre \u00e0 ses clients une large gamme de services pour garantir un s\u00e9jour confortable et inoubliable. La propret\u00e9 des chambres et de l\u2019h\u00f4tel est une priorit\u00e9 absolue, tout comme la connexion. Wi-Fi gratuit et rapide dans toutes les zones de l\u2019h\u00f4tel. De plus, l\u2019h\u00f4tel est attentif aux besoins des clients avec des allergies ou intol\u00e9rances alimentaires. L\u2019H\u00f4tel Estense est le choixpour ceux qui recherchent confort, commodit\u00e9 et service de haute qualit\u00e9.<\/div>\n<\/div>\n<\/div>\n<\/div>\n<div class=\"border-t border-zinc-200 dark:border-zinc-800 divide-zinc-200 dark:divide-zinc-800 transition duration-300 bg-transparent\">\n<div class=\"py-md border-zinc-200 dark:border-zinc-800 divide-zinc-200 dark:divide-zinc-800 transition duration-300 bg-white dark:bg-zinc-900\">\n<div class=\"flex items-center justify-between border-zinc-200 dark:border-zinc-800 divide-zinc-200 dark:divide-zinc-800 transition duration-300 bg-white dark:bg-zinc-900\">\n<div class=\"flex items-center justify-between w-full \">\n<div class=\"\">\n<div class=\"space-x-[11px] flex items-center super font-sans text-base text-super selection:bg-super selection:text-white dark:selection:bg-opacity-50 selection:bg-opacity-70\">\u00a0<\/div>\n<\/div>\n<\/div>\n<\/div>\n<\/div>\n<\/div>\n<p>[\/et_pb_text][\/et_pb_column][\/et_pb_row][et_pb_row _builder_version=\u00a0\u00bb4.20.2&Prime; _module_preset=\u00a0\u00bbdefault\u00a0\u00bb global_colors_info=\u00a0\u00bb{}\u00a0\u00bb][et_pb_column type=\u00a0\u00bb4_4&Prime; _builder_version=\u00a0\u00bb4.20.2&Prime; _module_preset=\u00a0\u00bbdefault\u00a0\u00bb custom_css_main_element=\u00a0\u00bbdisplay:grid;||grid-template-columns:repeat(auto-fit, minmax(200px, 1fr));||gap:5em;\u00a0\u00bb global_colors_info=\u00a0\u00bb{}\u00a0\u00bb custom_css_main_element_last_edited=\u00a0\u00bbon|phone\u00a0\u00bb custom_css_main_element_phone=\u00a0\u00bbdisplay:grid;||grid-template-columns:repeat(auto-fit, minmax(125px, 1fr));||gap:1.5em;\u00a0\u00bb custom_css_main_element_tablet=\u00a0\u00bbdisplay:grid;||grid-template-columns:repeat(auto-fit, minmax(200px, 1fr));||gap:1.5em;\u00a0\u00bb][et_pb_blurb title=\u00a0\u00bbR\u00e9ception 24h\/24&Prime; image=\u00a0\u00bbhttps:\/\/www.hotelestense.com\/wp-content\/uploads\/2023\/03\/serv_reception.svg\u00a0\u00bb icon_alignment=\u00a0\u00bbleft\u00a0\u00bb content_max_width=\u00a0\u00bb100%\u00a0\u00bb _builder_version=\u00a0\u00bb4.20.2&Prime; _module_preset=\u00a0\u00bbdefault\u00a0\u00bb header_font_size=\u00a0\u00bb26px\u00a0\u00bb body_font=\u00a0\u00bb|300|||||||\u00a0\u00bb custom_margin=\u00a0\u00bb||0px||false|false\u00a0\u00bb hover_enabled=\u00a0\u00bb0&Prime; header_font_size_last_edited=\u00a0\u00bboff|desktop\u00a0\u00bb custom_css_blurb_image=\u00a0\u00bbmargin:0 0 1em;\u00a0\u00bb global_colors_info=\u00a0\u00bb{}\u00a0\u00bb sticky_enabled=\u00a0\u00bb0&Prime;]<\/p>\n<p>Notre r\u00e9ception ouverte 24h\/24 est pr\u00eate \u00e0 vous accueillir \u00e0 tout moment.<br \/>L&rsquo;enregistrement se fait \u00e0 tout moment, les chambres sont disponibles \u00e0 partir de 14h00.<\/p>\n<p>[\/et_pb_blurb][et_pb_blurb title=\u00a0\u00bbParking gratuit\u00a0\u00bb image=\u00a0\u00bbhttps:\/\/www.hotelestense.com\/wp-content\/uploads\/2023\/03\/serv_parcheggio.svg\u00a0\u00bb icon_alignment=\u00a0\u00bbleft\u00a0\u00bb content_max_width=\u00a0\u00bb100%\u00a0\u00bb _builder_version=\u00a0\u00bb4.20.2&Prime; _module_preset=\u00a0\u00bbdefault\u00a0\u00bb header_font_size=\u00a0\u00bb26px\u00a0\u00bb body_font=\u00a0\u00bb|300|||||||\u00a0\u00bb custom_margin=\u00a0\u00bb||0px||false|false\u00a0\u00bb hover_enabled=\u00a0\u00bb0&Prime; header_font_size_last_edited=\u00a0\u00bboff|desktop\u00a0\u00bb custom_css_main_element=\u00a0\u00bbgrid-column:span 2;\u00a0\u00bb custom_css_blurb_image=\u00a0\u00bbmargin:0 0 1em;\u00a0\u00bb global_colors_info=\u00a0\u00bb{}\u00a0\u00bb sticky_enabled=\u00a0\u00bb0&Prime;]Gr\u00e2ce \u00e0 notre service de voiturier gratuit, votre s\u00e9jour commence en toute commodit\u00e9 d\u00e8s que vous franchissez la porte.<br \/>\nPetit parking interne avec surveillance vid\u00e9o. Il n&rsquo;est pas possible de r\u00e9server une place, un permis de stationnement gratuit est d\u00e9livr\u00e9 dans la zone adjacente \u00e0 l&rsquo;h\u00f4tel.<br \/>\n[\/et_pb_blurb][et_pb_blurb title=\u00a0\u00bbFree WIFI\u00a0\u00bb image=\u00a0\u00bbhttps:\/\/www.hotelestense.com\/wp-content\/uploads\/2023\/03\/serv_wifi-1.svg\u00a0\u00bb image_icon_width=\u00a0\u00bb80px\u00a0\u00bb icon_alignment=\u00a0\u00bbleft\u00a0\u00bb content_max_width=\u00a0\u00bb100%\u00a0\u00bb _builder_version=\u00a0\u00bb4.20.2&Prime; _module_preset=\u00a0\u00bbdefault\u00a0\u00bb header_font_size=\u00a0\u00bb26px\u00a0\u00bb body_font=\u00a0\u00bb|300|||||||\u00a0\u00bb custom_margin=\u00a0\u00bb||0px||false|false\u00a0\u00bb header_font_size_last_edited=\u00a0\u00bboff|desktop\u00a0\u00bb custom_css_blurb_image=\u00a0\u00bbmargin:0 0 1em;\u00a0\u00bb global_colors_info=\u00a0\u00bb{}\u00a0\u00bb]<\/p>\n<p><span>Le service Wi-Fi gratuit nous permet de vous assurer un s\u00e9jour ininterrompu, vous permettant de rester connect\u00e9 au monde, que ce soit pour affaires ou pour le plaisir.<\/span><\/p>\n<p>[\/et_pb_blurb][et_pb_blurb title=\u00a0\u00bbSalle de petit d\u00e9jeuner\u00a0\u00bb image=\u00a0\u00bbhttps:\/\/www.hotelestense.com\/wp-content\/uploads\/2023\/03\/serv_colazione.svg\u00a0\u00bb icon_alignment=\u00a0\u00bbleft\u00a0\u00bb content_max_width=\u00a0\u00bb100%\u00a0\u00bb _builder_version=\u00a0\u00bb4.20.2&Prime; _module_preset=\u00a0\u00bbdefault\u00a0\u00bb header_font_size=\u00a0\u00bb26px\u00a0\u00bb body_font=\u00a0\u00bb|300|||||||\u00a0\u00bb custom_margin=\u00a0\u00bb||0px||false|false\u00a0\u00bb header_font_size_last_edited=\u00a0\u00bboff|desktop\u00a0\u00bb custom_css_blurb_image=\u00a0\u00bbmargin:0 0 1em;\u00a0\u00bb global_colors_info=\u00a0\u00bb{}\u00a0\u00bb]<\/p>\n<p><span> Notre salle de petit-d\u00e9jeuner vous accueille dans un environnement lumineux, offrant une vari\u00e9t\u00e9 de formules con\u00e7ues pour satisfaire tous les palais.<\/span><\/p>\n<p>[\/et_pb_blurb][et_pb_blurb title=\u00a0\u00bbBar et salle de d\u00e9tente\u00a0\u00bb image=\u00a0\u00bbhttps:\/\/www.hotelestense.com\/wp-content\/uploads\/2023\/03\/serv_bar.svg\u00a0\u00bb icon_alignment=\u00a0\u00bbleft\u00a0\u00bb content_max_width=\u00a0\u00bb100%\u00a0\u00bb _builder_version=\u00a0\u00bb4.20.2&Prime; _module_preset=\u00a0\u00bbdefault\u00a0\u00bb header_font_size=\u00a0\u00bb26px\u00a0\u00bb body_font=\u00a0\u00bb|300|||||||\u00a0\u00bb custom_margin=\u00a0\u00bb||0px||false|false\u00a0\u00bb hover_enabled=\u00a0\u00bb0&Prime; header_font_size_last_edited=\u00a0\u00bboff|desktop\u00a0\u00bb custom_css_blurb_image=\u00a0\u00bbmargin:0 0 1em;\u00a0\u00bb global_colors_info=\u00a0\u00bb{}\u00a0\u00bb sticky_enabled=\u00a0\u00bb0&Prime;]<\/p>\n<p>Profitez de l&rsquo;atmosph\u00e8re relaxante de la salle de d\u00e9tente situ\u00e9e \u00e0 c\u00f4t\u00e9 du hall d&rsquo;entr\u00e9e, o\u00f9 vous pouvez prendre un verre, lire un livre, regarder du sport, etc.<\/p>\n<p>[\/et_pb_blurb][et_pb_blurb title=\u00a0\u00bbServices de bagages\u00a0\u00bb image=\u00a0\u00bbhttps:\/\/www.hotelestense.com\/wp-content\/uploads\/2023\/03\/serv_business.svg\u00a0\u00bb icon_alignment=\u00a0\u00bbleft\u00a0\u00bb content_max_width=\u00a0\u00bb100%\u00a0\u00bb _builder_version=\u00a0\u00bb4.20.2&Prime; _module_preset=\u00a0\u00bbdefault\u00a0\u00bb header_font_size=\u00a0\u00bb26px\u00a0\u00bb body_font=\u00a0\u00bb|300|||||||\u00a0\u00bb custom_margin=\u00a0\u00bb||0px||false|false\u00a0\u00bb hover_enabled=\u00a0\u00bb0&Prime; header_font_size_last_edited=\u00a0\u00bboff|desktop\u00a0\u00bb custom_css_main_element=\u00a0\u00bbgrid-column:span 2;\u00a0\u00bb custom_css_blurb_image=\u00a0\u00bbmargin:0 0 1em;\u00a0\u00bb border_color_right=\u00a0\u00bbgcid-dc378a60-3624-4546-9c38-fcb5bebd7c43&Prime; global_colors_info=\u00a0\u00bb{%22gcid-dc378a60-3624-4546-9c38-fcb5bebd7c43%22:%91%22border_color_right%22%93}\u00a0\u00bb sticky_enabled=\u00a0\u00bb0&Prime;]<\/p>\n<p>Dans notre \u00e9tablissement, nous nous effor\u00e7ons de fournir des services qui r\u00e9pondent aux besoins des voyageurs.<\/p>\n<p>[\/et_pb_blurb][\/et_pb_column][\/et_pb_row][et_pb_row _builder_version=\u00a0\u00bb4.20.2&Prime; _module_preset=\u00a0\u00bbdefault\u00a0\u00bb][et_pb_column _builder_version=\u00a0\u00bb4.20.2&Prime; _module_preset=\u00a0\u00bbdefault\u00a0\u00bb type=\u00a0\u00bb4_4&Prime;][et_pb_text _builder_version=\u00a0\u00bb4.20.2&Prime; _module_preset=\u00a0\u00bbdefault\u00a0\u00bb text_font=\u00a0\u00bb|300|||||||\u00a0\u00bb text_font_size=\u00a0\u00bb18px\u00a0\u00bb hover_enabled=\u00a0\u00bb0&Prime; global_colors_info=\u00a0\u00bb{}\u00a0\u00bb sticky_enabled=\u00a0\u00bb0&Prime;]<\/p>\n<div class=\"border-zinc-200 dark:border-zinc-800 divide-zinc-200 dark:divide-zinc-800 transition duration-300 bg-transparent\">\n<div class=\"pt-xs pb-sm border-zinc-200 dark:border-zinc-800 divide-zinc-200 dark:divide-zinc-800 transition duration-300 bg-white dark:bg-zinc-900\">\n<div class=\"default font-sans text-base text-zinc-800 dark:text-zinc-300 selection:bg-super selection:text-white dark:selection:bg-opacity-50 selection:bg-opacity-70\">\n<div class=\"min-h-[81px]\">\n<p>Autres services :<\/p>\n<ul>\n<li>Animaux sans frais suppl\u00e9mentaires<\/li>\n<li>gardien de nuit<\/li>\n<li>Parking \u00e0 v\u00e9los<\/li>\n<li>Lit b\u00e9b\u00e9 sans supplement<\/li>\n<\/ul>\n<\/div>\n<\/div>\n<\/div>\n<\/div>\n<div class=\"border-t border-zinc-200 dark:border-zinc-800 divide-zinc-200 dark:divide-zinc-800 transition duration-300 bg-transparent\">\n<div class=\"py-md border-zinc-200 dark:border-zinc-800 divide-zinc-200 dark:divide-zinc-800 transition duration-300 bg-white dark:bg-zinc-900\">\n<div class=\"flex items-center justify-between border-zinc-200 dark:border-zinc-800 divide-zinc-200 dark:divide-zinc-800 transition duration-300 bg-white dark:bg-zinc-900\">\n<div class=\"flex items-center justify-between w-full \">\n<div class=\"\">\n<div class=\"space-x-[11px] flex items-center super font-sans text-base text-super selection:bg-super selection:text-white dark:selection:bg-opacity-50 selection:bg-opacity-70\">\u00a0<\/div>\n<\/div>\n<\/div>\n<\/div>\n<\/div>\n<\/div>\n<p>[\/et_pb_text][\/et_pb_column][\/et_pb_row][\/et_pb_section]<\/p>\n","protected":false},"excerpt":{"rendered":"<p>Hotel Estense situ\u00e9 au coeur de Mod\u00e8ne, offre \u00e0 ses clients une large gamme de services pour garantir un s\u00e9jour confortable et inoubliable. La propret\u00e9 des chambres et de l\u2019h\u00f4tel est une priorit\u00e9 absolue, tout comme la connexion. Wi-Fi gratuit et rapide dans toutes les zones de l\u2019h\u00f4tel. De plus, l\u2019h\u00f4tel est attentif aux besoins [&hellip;]<\/p>\n","protected":false},"author":1,"featured_media":99,"parent":0,"menu_order":0,"comment_status":"closed","ping_status":"closed","template":"","meta":{"_et_pb_use_builder":"on","_et_pb_old_content":"","_et_gb_content_width":"","inline_featured_image":false},"acf":[],"yoast_head":"<!-- This site is optimized with the Yoast SEO plugin v20.4 - https:\/\/yoast.com\/wordpress\/plugins\/seo\/ -->\n<title>Prestations de service - Hotel Estense a Modena<\/title>\n<meta name=\"robots\" content=\"index, follow, max-snippet:-1, max-image-preview:large, max-video-preview:-1\" \/>\n<link rel=\"canonical\" href=\"https:\/\/www.hotelestense.com\/fr\/prestations-de-service\/\" \/>\n<meta property=\"og:locale\" content=\"fr_FR\" \/>\n<meta property=\"og:type\" content=\"article\" \/>\n<meta property=\"og:title\" content=\"Prestations de service - Hotel Estense a Modena\" \/>\n<meta property=\"og:description\" content=\"Hotel Estense situ\u00e9 au coeur de Mod\u00e8ne, offre \u00e0 ses clients une large gamme de services pour garantir un s\u00e9jour confortable et inoubliable. La propret\u00e9 des chambres et de l\u2019h\u00f4tel est une priorit\u00e9 absolue, tout comme la connexion. Wi-Fi gratuit et rapide dans toutes les zones de l\u2019h\u00f4tel. De plus, l\u2019h\u00f4tel est attentif aux besoins [&hellip;]\" \/>\n<meta property=\"og:url\" content=\"https:\/\/www.hotelestense.com\/fr\/prestations-de-service\/\" \/>\n<meta property=\"og:site_name\" content=\"Hotel Estense a Modena\" \/>\n<meta property=\"article:modified_time\" content=\"2025-03-14T16:14:34+00:00\" \/>\n<meta property=\"og:image\" content=\"https:\/\/www.hotelestense.com\/wp-content\/uploads\/2023\/03\/news_placeholder.webp\" \/>\n\t<meta property=\"og:image:width\" content=\"551\" \/>\n\t<meta property=\"og:image:height\" content=\"288\" \/>\n\t<meta property=\"og:image:type\" content=\"image\/webp\" \/>\n<meta name=\"twitter:card\" content=\"summary_large_image\" \/>\n<meta name=\"twitter:label1\" content=\"Dur\u00e9e de lecture estim\u00e9e\" \/>\n\t<meta name=\"twitter:data1\" content=\"3 minutes\" \/>\n<script type=\"application\/ld+json\" class=\"yoast-schema-graph\">{\"@context\":\"https:\/\/schema.org\",\"@graph\":[{\"@type\":\"WebPage\",\"@id\":\"https:\/\/www.hotelestense.com\/fr\/prestations-de-service\/\",\"url\":\"https:\/\/www.hotelestense.com\/fr\/prestations-de-service\/\",\"name\":\"Prestations de service - Hotel Estense a Modena\",\"isPartOf\":{\"@id\":\"https:\/\/www.hotelestense.com\/fr\/#website\"},\"datePublished\":\"2023-03-28T07:22:23+00:00\",\"dateModified\":\"2025-03-14T16:14:34+00:00\",\"breadcrumb\":{\"@id\":\"https:\/\/www.hotelestense.com\/fr\/prestations-de-service\/#breadcrumb\"},\"inLanguage\":\"fr-FR\",\"potentialAction\":[{\"@type\":\"ReadAction\",\"target\":[\"https:\/\/www.hotelestense.com\/fr\/prestations-de-service\/\"]}]},{\"@type\":\"BreadcrumbList\",\"@id\":\"https:\/\/www.hotelestense.com\/fr\/prestations-de-service\/#breadcrumb\",\"itemListElement\":[{\"@type\":\"ListItem\",\"position\":1,\"name\":\"Home\",\"item\":\"https:\/\/www.hotelestense.com\/fr\/\"},{\"@type\":\"ListItem\",\"position\":2,\"name\":\"Prestations de service\"}]},{\"@type\":\"WebSite\",\"@id\":\"https:\/\/www.hotelestense.com\/fr\/#website\",\"url\":\"https:\/\/www.hotelestense.com\/fr\/\",\"name\":\"Hotel Estense a Modena\",\"description\":\"\",\"potentialAction\":[{\"@type\":\"SearchAction\",\"target\":{\"@type\":\"EntryPoint\",\"urlTemplate\":\"https:\/\/www.hotelestense.com\/fr\/?s={search_term_string}\"},\"query-input\":\"required name=search_term_string\"}],\"inLanguage\":\"fr-FR\"}]}<\/script>\n<!-- \/ Yoast SEO plugin. -->","yoast_head_json":{"title":"Prestations de service - Hotel Estense a Modena","robots":{"index":"index","follow":"follow","max-snippet":"max-snippet:-1","max-image-preview":"max-image-preview:large","max-video-preview":"max-video-preview:-1"},"canonical":"https:\/\/www.hotelestense.com\/fr\/prestations-de-service\/","og_locale":"fr_FR","og_type":"article","og_title":"Prestations de service - Hotel Estense a Modena","og_description":"Hotel Estense situ\u00e9 au coeur de Mod\u00e8ne, offre \u00e0 ses clients une large gamme de services pour garantir un s\u00e9jour confortable et inoubliable. La propret\u00e9 des chambres et de l\u2019h\u00f4tel est une priorit\u00e9 absolue, tout comme la connexion. Wi-Fi gratuit et rapide dans toutes les zones de l\u2019h\u00f4tel. De plus, l\u2019h\u00f4tel est attentif aux besoins [&hellip;]","og_url":"https:\/\/www.hotelestense.com\/fr\/prestations-de-service\/","og_site_name":"Hotel Estense a Modena","article_modified_time":"2025-03-14T16:14:34+00:00","og_image":[{"width":551,"height":288,"url":"https:\/\/www.hotelestense.com\/wp-content\/uploads\/2023\/03\/news_placeholder.webp","type":"image\/webp"}],"twitter_card":"summary_large_image","twitter_misc":{"Dur\u00e9e de lecture estim\u00e9e":"3 minutes"},"schema":{"@context":"https:\/\/schema.org","@graph":[{"@type":"WebPage","@id":"https:\/\/www.hotelestense.com\/fr\/prestations-de-service\/","url":"https:\/\/www.hotelestense.com\/fr\/prestations-de-service\/","name":"Prestations de service - Hotel Estense a Modena","isPartOf":{"@id":"https:\/\/www.hotelestense.com\/fr\/#website"},"datePublished":"2023-03-28T07:22:23+00:00","dateModified":"2025-03-14T16:14:34+00:00","breadcrumb":{"@id":"https:\/\/www.hotelestense.com\/fr\/prestations-de-service\/#breadcrumb"},"inLanguage":"fr-FR","potentialAction":[{"@type":"ReadAction","target":["https:\/\/www.hotelestense.com\/fr\/prestations-de-service\/"]}]},{"@type":"BreadcrumbList","@id":"https:\/\/www.hotelestense.com\/fr\/prestations-de-service\/#breadcrumb","itemListElement":[{"@type":"ListItem","position":1,"name":"Home","item":"https:\/\/www.hotelestense.com\/fr\/"},{"@type":"ListItem","position":2,"name":"Prestations de service"}]},{"@type":"WebSite","@id":"https:\/\/www.hotelestense.com\/fr\/#website","url":"https:\/\/www.hotelestense.com\/fr\/","name":"Hotel Estense a Modena","description":"","potentialAction":[{"@type":"SearchAction","target":{"@type":"EntryPoint","urlTemplate":"https:\/\/www.hotelestense.com\/fr\/?s={search_term_string}"},"query-input":"required name=search_term_string"}],"inLanguage":"fr-FR"}]}},"_links":{"self":[{"href":"https:\/\/www.hotelestense.com\/fr\/wp-json\/wp\/v2\/pages\/952"}],"collection":[{"href":"https:\/\/www.hotelestense.com\/fr\/wp-json\/wp\/v2\/pages"}],"about":[{"href":"https:\/\/www.hotelestense.com\/fr\/wp-json\/wp\/v2\/types\/page"}],"author":[{"embeddable":true,"href":"https:\/\/www.hotelestense.com\/fr\/wp-json\/wp\/v2\/users\/1"}],"replies":[{"embeddable":true,"href":"https:\/\/www.hotelestense.com\/fr\/wp-json\/wp\/v2\/comments?post=952"}],"version-history":[{"count":4,"href":"https:\/\/www.hotelestense.com\/fr\/wp-json\/wp\/v2\/pages\/952\/revisions"}],"predecessor-version":[{"id":1787,"href":"https:\/\/www.hotelestense.com\/fr\/wp-json\/wp\/v2\/pages\/952\/revisions\/1787"}],"wp:featuredmedia":[{"embeddable":true,"href":"https:\/\/www.hotelestense.com\/fr\/wp-json\/wp\/v2\/media\/99"}],"wp:attachment":[{"href":"https:\/\/www.hotelestense.com\/fr\/wp-json\/wp\/v2\/media?parent=952"}],"curies":[{"name":"wp","href":"https:\/\/api.w.org\/{rel}","templated":true}]}}